{"id":1443,"date":"2023-06-08T12:08:13","date_gmt":"2023-06-08T15:08:13","guid":{"rendered":"https:\/\/www.criativebox.com.br\/?post_type=product&#038;p=1443"},"modified":"2023-06-08T12:41:49","modified_gmt":"2023-06-08T15:41:49","slug":"caixa-comemorativa-vinhos-campo-largo","status":"publish","type":"product","link":"https:\/\/www.criativebox.com.br\/home\/produto\/caixa-comemorativa-vinhos-campo-largo\/","title":{"rendered":"Caixa Comemorativa Vinhos Campo Largo"},"content":{"rendered":"<p>Caixa Comemorativa Vinhos Campo Largo, Caixa r\u00edgida, caixa cartonada, caixa para vestuario, entrega de produtos, caixa de produto, caixa para roupa, caixa de sapato, caixa para telefone, caixa para cosm\u00e9ticos, caixa personalizada, presskit. Criativebox Embalagens Especiais, primordialmente produzimos conforme sua necessidade as embalagens que encantam seu cliente. Proporcionando uma experi\u00eancia de consumo acima da m\u00e9dia.<\/p>\n<p>Acima de tudo, nossas embalagens s\u00e3o produzimos com os mais altos crit\u00e9rios de qualidade, com produtos com certifica\u00e7\u00e3o. Estamos no mercado a mais de 15 anos atendendo a grandes clientes nacionais e internacionais, sua embalagem, antes de mais nada, seja para cosm\u00e9ticos, produtos de luxo, roupas, vestu\u00e1rio, entrega de chavez, brindes de fim de ano, premia\u00e7\u00f5es.<\/p>\n<p>Produzimos primordialmente nossas caixas com impress\u00e3o offset, serigrafia, hot stamping, baixo relevo, verniz UV, lamina\u00e7\u00e3o fosca e brilho, papel couche, papel\u00e3o cinza, papel\u00e3o horlle. Por exemplo: papeis especiais branco e colorido, caixas tipo tampa e fundo, caixa tipo livro, caixa telesc\u00f3pica, caixa imantada, caixa fechamento com im\u00e3. Caixa com ou sem ber\u00e7o, ber\u00e7o de papel, ber\u00e7o de espuma, ber\u00e7os especiais.<\/p>\n<h2>Nossos Produtos<\/h2>\n<p>Caixa para vestu\u00e1rio \u00e9 a solu\u00e7\u00e3o ideal, a principio, para entrega de produtos do ramo de roupas.<\/p>\n<p>Nossa Caixa para cosm\u00e9tico \u00e9 a solu\u00e7\u00e3o que seu produto precisa para melhorar a experi\u00eancia do seu cliente com a principio com sua empresa, depois com o mercado em geral.<\/p>\n<p>Produzimos Caixa apara entrega de chaves fazem o cliente sentir-se valorizado, criando um vinculo maior com a sua construtora.<\/p>\n<p>Que tal uma caixa para produtos em geral, nossas embalagens valorizam o produto e tornam a experi\u00eancia do consumidor ainda melhor? Sua marca ficar\u00e1 guardada por muito mais tempo.<\/p>\n<p>Uma caixa para sapato, voc\u00ea entrega seus sapatos em caixas de papel\u00e3o comum? conhe\u00e7a nossas embalagens e eleve ainda mais a percep\u00e7\u00e3o de valor do seu cliente em rela\u00e7\u00e3o ao seu produto.<\/p>\n<p>Kit de boas-vindas &#8211; seu cliente ou colaborador merece ser bem recebido, podemos desenvolver uma embalagem de welcome kit para melhorar a reten\u00e7\u00e3o de colaboradores e clientes. Uma primeira impress\u00e3o pode significar muito neste mercado t\u00e3o competitivo.<\/p>\n<p>Caixa Comemorativa Vinhos Campo Largo<\/p>\n<h3>Caixa Comemorativa Vinhos Campo Largo<\/h3>\n<p><a href=\"https:\/\/www.criativebox.com.br\/\">entre em contato conosco<\/a><\/p>\n","protected":false},"excerpt":{"rendered":"<p>Caixa produzida para entrega de Vinho Premiado da Vin\u00edcola Zanlorenzi de Campo Largo, revestida em color plus preto externamente com serigrafia dourada e internamente em papel color plus vermelho com serigrafia 1 cor, fechamento com im\u00e3<\/p>\n<ul>\n<li>Produzimos conforme sua necessidade<\/li>\n<\/ul>\n","protected":false},"featured_media":1432,"template":"","meta":{"site-sidebar-layout":"default","site-content-layout":"default","ast-site-content-layout":"default","site-content-style":"default","site-sidebar-style":"default","ast-global-header-display":"","ast-banner-title-visibility":"","ast-main-header-display":"","ast-hfb-above-header-display":"","ast-hfb-below-header-display":"","ast-hfb-mobile-header-display":"","site-post-title":"","ast-breadcrumbs-content":"","ast-featured-img":"","footer-sml-layout":"","ast-disable-related-posts":"","theme-transparent-header-meta":"default","adv-header-id-meta":"","stick-header-meta":"","header-above-stick-meta":"","header-main-stick-meta":"","header-below-stick-meta":"","astra-migrate-meta-layouts":"default","ast-page-background-enabled":"default","ast-page-background-meta":{"desktop":{"background-color":"","background-image":"","background-repeat":"repeat","background-position":"center center","background-size":"auto","background-attachment":"scroll","background-type":"","background-media":"","overlay-type":"","overlay-color":"","overlay-opacity":"","overlay-gradient":""},"tablet":{"background-color":"","background-image":"","background-repeat":"repeat","background-position":"center center","background-size":"auto","background-attachment":"scroll","background-type":"","background-media":"","overlay-type":"","overlay-color":"","overlay-opacity":"","overlay-gradient":""},"mobile":{"background-color":"","background-image":"","background-repeat":"repeat","background-position":"center center","background-size":"auto","background-attachment":"scroll","background-type":"","background-media":"","overlay-type":"","overlay-color":"","overlay-opacity":"","overlay-gradient":""}},"ast-content-background-meta":{"desktop":{"background-color":"var(--ast-global-color-5)","background-image":"","background-repeat":"repeat","background-position":"center center","background-size":"auto","background-attachment":"scroll","background-type":"","background-media":"","overlay-type":"","overlay-color":"","overlay-opacity":"","overlay-gradient":""},"tablet":{"background-color":"var(--ast-global-color-5)","background-image":"","background-repeat":"repeat","background-position":"center center","background-size":"auto","background-attachment":"scroll","background-type":"","background-media":"","overlay-type":"","overlay-color":"","overlay-opacity":"","overlay-gradient":""},"mobile":{"background-color":"var(--ast-global-color-5)","background-image":"","background-repeat":"repeat","background-position":"center center","background-size":"auto","background-attachment":"scroll","background-type":"","background-media":"","overlay-type":"","overlay-color":"","overlay-opacity":"","overlay-gradient":""}}},"product_cat":[27],"product_tag":[],"class_list":["post-1443","product","type-product","status-publish","has-post-thumbnail","hentry","product_cat-sem-categoria","desktop-align-left","tablet-align-left","mobile-align-left"],"yoast_head":"<!-- This site is optimized with the Yoast SEO plugin v21.6 - https:\/\/yoast.com\/wordpress\/plugins\/seo\/ -->\n<title>Caixa Comemorativa Vinhos Campo Largo - CriativeBox<\/title>\n<meta name=\"description\" content=\"Caixa Comemorativa Vinhos Campo Largo, revestida em color plus preto e serigrafia dourada, interior em color plus vermelho, fechamento im\u00e3.\" \/>\n<meta name=\"robots\" content=\"index, follow, max-snippet:-1, max-image-preview:large, max-video-preview:-1\" \/>\n<link rel=\"canonical\" href=\"https:\/\/www.criativebox.com.br\/home\/produto\/caixa-comemorativa-vinhos-campo-largo\/\" \/>\n<meta property=\"og:locale\" content=\"pt_BR\" \/>\n<meta property=\"og:type\" content=\"article\" \/>\n<meta property=\"og:title\" content=\"Caixa Comemorativa Vinhos Campo Largo - CriativeBox\" \/>\n<meta property=\"og:description\" content=\"Caixa Comemorativa Vinhos Campo Largo, revestida em color plus preto e serigrafia dourada, interior em color plus vermelho, fechamento im\u00e3.\" \/>\n<meta property=\"og:url\" content=\"https:\/\/www.criativebox.com.br\/home\/produto\/caixa-comemorativa-vinhos-campo-largo\/\" \/>\n<meta property=\"og:site_name\" content=\"CriativeBox\" \/>\n<meta property=\"article:publisher\" content=\"https:\/\/www.facebook.com\/criativebox\" \/>\n<meta property=\"article:modified_time\" content=\"2023-06-08T15:41:49+00:00\" \/>\n<meta property=\"og:image\" content=\"https:\/\/www.criativebox.com.br\/wp-content\/uploads\/2023\/05\/vinhocampolargo3.jpg\" \/>\n\t<meta property=\"og:image:width\" content=\"720\" \/>\n\t<meta property=\"og:image:height\" content=\"500\" \/>\n\t<meta property=\"og:image:type\" content=\"image\/jpeg\" \/>\n<meta name=\"twitter:card\" content=\"summary_large_image\" \/>\n<meta name=\"twitter:label1\" content=\"Est. tempo de leitura\" \/>\n\t<meta name=\"twitter:data1\" content=\"2 minutos\" \/>\n<script type=\"application\/ld+json\" class=\"yoast-schema-graph\">{\"@context\":\"https:\/\/schema.org\",\"@graph\":[{\"@type\":\"WebPage\",\"@id\":\"https:\/\/www.criativebox.com.br\/home\/produto\/caixa-comemorativa-vinhos-campo-largo\/\",\"url\":\"https:\/\/www.criativebox.com.br\/home\/produto\/caixa-comemorativa-vinhos-campo-largo\/\",\"name\":\"Caixa Comemorativa Vinhos Campo Largo - CriativeBox\",\"isPartOf\":{\"@id\":\"https:\/\/www.criativebox.com.br\/home\/#website\"},\"datePublished\":\"2023-06-08T15:08:13+00:00\",\"dateModified\":\"2023-06-08T15:41:49+00:00\",\"description\":\"Caixa Comemorativa Vinhos Campo Largo, revestida em color plus preto e serigrafia dourada, interior em color plus vermelho, fechamento im\u00e3.\",\"breadcrumb\":{\"@id\":\"https:\/\/www.criativebox.com.br\/home\/produto\/caixa-comemorativa-vinhos-campo-largo\/#breadcrumb\"},\"inLanguage\":\"pt-BR\",\"potentialAction\":[{\"@type\":\"ReadAction\",\"target\":[\"https:\/\/www.criativebox.com.br\/home\/produto\/caixa-comemorativa-vinhos-campo-largo\/\"]}]},{\"@type\":\"BreadcrumbList\",\"@id\":\"https:\/\/www.criativebox.com.br\/home\/produto\/caixa-comemorativa-vinhos-campo-largo\/#breadcrumb\",\"itemListElement\":[{\"@type\":\"ListItem\",\"position\":1,\"name\":\"In\u00edcio\",\"item\":\"https:\/\/www.criativebox.com.br\/home\/\"},{\"@type\":\"ListItem\",\"position\":2,\"name\":\"Produtos\",\"item\":\"https:\/\/www.criativebox.com.br\/home\/shop\/\"},{\"@type\":\"ListItem\",\"position\":3,\"name\":\"Caixa Comemorativa Vinhos Campo Largo\"}]},{\"@type\":\"WebSite\",\"@id\":\"https:\/\/www.criativebox.com.br\/home\/#website\",\"url\":\"https:\/\/www.criativebox.com.br\/home\/\",\"name\":\"CriativeBox\",\"description\":\"Site da Criativebox Embalagens Especiais\",\"publisher\":{\"@id\":\"https:\/\/www.criativebox.com.br\/home\/#organization\"},\"potentialAction\":[{\"@type\":\"SearchAction\",\"target\":{\"@type\":\"EntryPoint\",\"urlTemplate\":\"https:\/\/www.criativebox.com.br\/home\/?s={search_term_string}\"},\"query-input\":\"required name=search_term_string\"}],\"inLanguage\":\"pt-BR\"},{\"@type\":\"Organization\",\"@id\":\"https:\/\/www.criativebox.com.br\/home\/#organization\",\"name\":\"CriativeBox Embalagens Especiais\",\"url\":\"https:\/\/www.criativebox.com.br\/home\/\",\"logo\":{\"@type\":\"ImageObject\",\"inLanguage\":\"pt-BR\",\"@id\":\"https:\/\/www.criativebox.com.br\/home\/#\/schema\/logo\/image\/\",\"url\":\"https:\/\/www.criativebox.com.br\/wp-content\/uploads\/2020\/08\/logo-png-site.png\",\"contentUrl\":\"https:\/\/www.criativebox.com.br\/wp-content\/uploads\/2020\/08\/logo-png-site.png\",\"width\":61,\"height\":61,\"caption\":\"CriativeBox Embalagens Especiais\"},\"image\":{\"@id\":\"https:\/\/www.criativebox.com.br\/home\/#\/schema\/logo\/image\/\"},\"sameAs\":[\"https:\/\/www.facebook.com\/criativebox\",\"https:\/\/www.intagram.com\/criativeboxx\"]}]}<\/script>\n<!-- \/ Yoast SEO plugin. -->","yoast_head_json":{"title":"Caixa Comemorativa Vinhos Campo Largo - CriativeBox","description":"Caixa Comemorativa Vinhos Campo Largo, revestida em color plus preto e serigrafia dourada, interior em color plus vermelho, fechamento im\u00e3.","robots":{"index":"index","follow":"follow","max-snippet":"max-snippet:-1","max-image-preview":"max-image-preview:large","max-video-preview":"max-video-preview:-1"},"canonical":"https:\/\/www.criativebox.com.br\/home\/produto\/caixa-comemorativa-vinhos-campo-largo\/","og_locale":"pt_BR","og_type":"article","og_title":"Caixa Comemorativa Vinhos Campo Largo - CriativeBox","og_description":"Caixa Comemorativa Vinhos Campo Largo, revestida em color plus preto e serigrafia dourada, interior em color plus vermelho, fechamento im\u00e3.","og_url":"https:\/\/www.criativebox.com.br\/home\/produto\/caixa-comemorativa-vinhos-campo-largo\/","og_site_name":"CriativeBox","article_publisher":"https:\/\/www.facebook.com\/criativebox","article_modified_time":"2023-06-08T15:41:49+00:00","og_image":[{"width":720,"height":500,"url":"https:\/\/www.criativebox.com.br\/wp-content\/uploads\/2023\/05\/vinhocampolargo3.jpg","type":"image\/jpeg"}],"twitter_card":"summary_large_image","twitter_misc":{"Est. tempo de leitura":"2 minutos"},"schema":{"@context":"https:\/\/schema.org","@graph":[{"@type":"WebPage","@id":"https:\/\/www.criativebox.com.br\/home\/produto\/caixa-comemorativa-vinhos-campo-largo\/","url":"https:\/\/www.criativebox.com.br\/home\/produto\/caixa-comemorativa-vinhos-campo-largo\/","name":"Caixa Comemorativa Vinhos Campo Largo - CriativeBox","isPartOf":{"@id":"https:\/\/www.criativebox.com.br\/home\/#website"},"datePublished":"2023-06-08T15:08:13+00:00","dateModified":"2023-06-08T15:41:49+00:00","description":"Caixa Comemorativa Vinhos Campo Largo, revestida em color plus preto e serigrafia dourada, interior em color plus vermelho, fechamento im\u00e3.","breadcrumb":{"@id":"https:\/\/www.criativebox.com.br\/home\/produto\/caixa-comemorativa-vinhos-campo-largo\/#breadcrumb"},"inLanguage":"pt-BR","potentialAction":[{"@type":"ReadAction","target":["https:\/\/www.criativebox.com.br\/home\/produto\/caixa-comemorativa-vinhos-campo-largo\/"]}]},{"@type":"BreadcrumbList","@id":"https:\/\/www.criativebox.com.br\/home\/produto\/caixa-comemorativa-vinhos-campo-largo\/#breadcrumb","itemListElement":[{"@type":"ListItem","position":1,"name":"In\u00edcio","item":"https:\/\/www.criativebox.com.br\/home\/"},{"@type":"ListItem","position":2,"name":"Produtos","item":"https:\/\/www.criativebox.com.br\/home\/shop\/"},{"@type":"ListItem","position":3,"name":"Caixa Comemorativa Vinhos Campo Largo"}]},{"@type":"WebSite","@id":"https:\/\/www.criativebox.com.br\/home\/#website","url":"https:\/\/www.criativebox.com.br\/home\/","name":"CriativeBox","description":"Site da Criativebox Embalagens Especiais","publisher":{"@id":"https:\/\/www.criativebox.com.br\/home\/#organization"},"potentialAction":[{"@type":"SearchAction","target":{"@type":"EntryPoint","urlTemplate":"https:\/\/www.criativebox.com.br\/home\/?s={search_term_string}"},"query-input":"required name=search_term_string"}],"inLanguage":"pt-BR"},{"@type":"Organization","@id":"https:\/\/www.criativebox.com.br\/home\/#organization","name":"CriativeBox Embalagens Especiais","url":"https:\/\/www.criativebox.com.br\/home\/","logo":{"@type":"ImageObject","inLanguage":"pt-BR","@id":"https:\/\/www.criativebox.com.br\/home\/#\/schema\/logo\/image\/","url":"https:\/\/www.criativebox.com.br\/wp-content\/uploads\/2020\/08\/logo-png-site.png","contentUrl":"https:\/\/www.criativebox.com.br\/wp-content\/uploads\/2020\/08\/logo-png-site.png","width":61,"height":61,"caption":"CriativeBox Embalagens Especiais"},"image":{"@id":"https:\/\/www.criativebox.com.br\/home\/#\/schema\/logo\/image\/"},"sameAs":["https:\/\/www.facebook.com\/criativebox","https:\/\/www.intagram.com\/criativeboxx"]}]}},"_links":{"self":[{"href":"https:\/\/www.criativebox.com.br\/home\/wp-json\/wp\/v2\/product\/1443"}],"collection":[{"href":"https:\/\/www.criativebox.com.br\/home\/wp-json\/wp\/v2\/product"}],"about":[{"href":"https:\/\/www.criativebox.com.br\/home\/wp-json\/wp\/v2\/types\/product"}],"wp:featuredmedia":[{"embeddable":true,"href":"https:\/\/www.criativebox.com.br\/home\/wp-json\/wp\/v2\/media\/1432"}],"wp:attachment":[{"href":"https:\/\/www.criativebox.com.br\/home\/wp-json\/wp\/v2\/media?parent=1443"}],"wp:term":[{"taxonomy":"product_cat","embeddable":true,"href":"https:\/\/www.criativebox.com.br\/home\/wp-json\/wp\/v2\/product_cat?post=1443"},{"taxonomy":"product_tag","embeddable":true,"href":"https:\/\/www.criativebox.com.br\/home\/wp-json\/wp\/v2\/product_tag?post=1443"}],"curies":[{"name":"wp","href":"https:\/\/api.w.org\/{rel}","templated":true}]}}